{"id":101,"date":"2021-11-03T11:05:48","date_gmt":"2021-11-03T10:05:48","guid":{"rendered":"https:\/\/www.kilchherrbubna.ch\/franz\/?page_id=101"},"modified":"2025-08-28T17:16:45","modified_gmt":"2025-08-28T15:16:45","slug":"amagenda","status":"publish","type":"page","link":"https:\/\/franz.kilchherrbubna.ch\/?page_id=101","title":{"rendered":"Amagenda"},"content":{"rendered":"\n<div style=\"height:76px\" aria-hidden=\"true\" class=\"wp-block-spacer\"><\/div>\n\n\n\n<h2 class=\"wp-block-heading\">Amagenda-Artikel<\/h2>\n\n\n\n<p><strong>Die Fachzeitschrift AM-Agenda informiert Fachleute sowie eine interessierte \u00d6ffentlichkeit \u00fcber Fakten und Tendenzen im Arbeitsmarkt. Sie erscheint 10-mal j\u00e4hrlich in Deutsch und Franz\u00f6sisch.<\/strong><\/p>\n\n\n\n<p>Sie wird herausgegeben vom Verein f\u00fcr Arbeitsmarktkommunikation in Zusammenarbeit mit dem seco, dem Staatsekretariat f\u00fcr Wirtschaft:<br>Die AM-Agenda ist ein Programm zur vor\u00fcbergehenden Besch\u00e4ftigung von Medienleuten oder f\u00fcr Menschen, die den Einstieg in den (Print-)Journalismus suchen.<br><br>Ehemalige Adresse der Redaktion:<br>Carmenstrasse 28, Postfach 1724, 8032 Z\u00fcrich, 01 2546960, Fax 01 2546999<br><br>Verlag: jobindex media ag<br>Carmenstrasse 28, Postfach 1724, 8032 Z\u00fcrich, Tel. 01 2546969, Fax 01 2546970<\/p>\n","protected":false},"excerpt":{"rendered":"<p>Amagenda-Artikel Die Fachzeitschrift AM-Agenda informiert Fachleute sowie eine interessierte \u00d6ffentlichkeit \u00fcber Fakten und Tendenzen im Arbeitsmarkt. Sie erscheint 10-mal j\u00e4hrlich in Deutsch und Franz\u00f6sisch. Sie wird herausgegeben vom Verein f\u00fcr Arbeitsmarktkommunikation in Zusammenarbeit mit dem seco, dem Staatsekretariat f\u00fcr Wirtschaft:Die AM-Agenda ist ein Programm zur vor\u00fcbergehenden Besch\u00e4ftigung von Medienleuten oder &hellip;<\/p>\n","protected":false},"author":1,"featured_media":0,"parent":0,"menu_order":6,"comment_status":"closed","ping_status":"closed","template":"","meta":{"footnotes":""},"class_list":["post-101","page","type-page","status-publish","hentry"],"_links":{"self":[{"href":"https:\/\/franz.kilchherrbubna.ch\/index.php?rest_route=\/wp\/v2\/pages\/101","targetHints":{"allow":["GET"]}}],"collection":[{"href":"https:\/\/franz.kilchherrbubna.ch\/index.php?rest_route=\/wp\/v2\/pages"}],"about":[{"href":"https:\/\/franz.kilchherrbubna.ch\/index.php?rest_route=\/wp\/v2\/types\/page"}],"author":[{"embeddable":true,"href":"https:\/\/franz.kilchherrbubna.ch\/index.php?rest_route=\/wp\/v2\/users\/1"}],"replies":[{"embeddable":true,"href":"https:\/\/franz.kilchherrbubna.ch\/index.php?rest_route=%2Fwp%2Fv2%2Fcomments&post=101"}],"version-history":[{"count":4,"href":"https:\/\/franz.kilchherrbubna.ch\/index.php?rest_route=\/wp\/v2\/pages\/101\/revisions"}],"predecessor-version":[{"id":1144,"href":"https:\/\/franz.kilchherrbubna.ch\/index.php?rest_route=\/wp\/v2\/pages\/101\/revisions\/1144"}],"wp:attachment":[{"href":"https:\/\/franz.kilchherrbubna.ch\/index.php?rest_route=%2Fwp%2Fv2%2Fmedia&parent=101"}],"curies":[{"name":"wp","href":"https:\/\/api.w.org\/{rel}","templated":true}]}}