{"id":271,"date":"2021-11-05T10:28:58","date_gmt":"2021-11-05T09:28:58","guid":{"rendered":"https:\/\/www.kilchherrbubna.ch\/franz\/?page_id=271"},"modified":"2022-10-15T19:03:18","modified_gmt":"2022-10-15T17:03:18","slug":"s-paulus-quartier","status":"publish","type":"page","link":"https:\/\/franz.kilchherrbubna.ch\/?page_id=271","title":{"rendered":"s Paulus-Quartier"},"content":{"rendered":"\n<h2 class=\"wp-block-heading\">s Paulus-Quartier<\/h2>\n\n\n\n<h3 class=\"wp-block-heading\">Erkundung des Paulsquartiers<\/h3>\n\n\n\n<div class=\"wp-block-columns is-layout-flex wp-container-core-columns-is-layout-9d6595d7 wp-block-columns-is-layout-flex\">\n<div class=\"wp-block-column is-layout-flow wp-block-column-is-layout-flow\" style=\"flex-basis:33.33%\">\n<figure class=\"wp-block-image size-full\"><img loading=\"lazy\" decoding=\"async\" width=\"496\" height=\"750\" src=\"https:\/\/www.kilchherrbubna.ch\/franz\/wp-content\/uploads\/2021\/11\/roseschulz.jpg\" alt=\"\" class=\"wp-image-466\" srcset=\"https:\/\/franz.kilchherrbubna.ch\/wp-content\/uploads\/2021\/11\/roseschulz.jpg 496w, https:\/\/franz.kilchherrbubna.ch\/wp-content\/uploads\/2021\/11\/roseschulz-198x300.jpg 198w\" sizes=\"auto, (max-width: 496px) 100vw, 496px\" \/><\/figure>\n<\/div>\n\n\n\n<div class=\"wp-block-column is-vertically-aligned-center is-layout-flow wp-block-column-is-layout-flow\" style=\"flex-basis:66.66%\">\n<p class=\"has-text-align-left\">Im Fr\u00fchjahr 2005 lud<br><strong>Rose Schulz-Rehberg, <\/strong>Kunsthistorikerin,<br>zu einer Erkundung des Paulus-Quartiers ein.<\/p>\n<\/div>\n<\/div>\n\n\n\n<p><strong>Erkundung des Paulus-Quartiers<\/strong><\/p>\n\n\n\n<p>Heute lade ich alle Architekturbegeisterten und Freunde des sch\u00f6nen alten Basel zu einem Fr\u00fchlingsspaziergang im Paulusviertel \u2013 auch &#171;Bl\u00e4chdalbe&#187; genannt &#8211; ein.<br>Dieser relativ junge Stadtteil zeichnet sich durch seine grossz\u00fcgige Planung mit mehreren Alleen und kostbar ausgestatteten Einfamilienh\u00e4usern aus, wie sie heute in unserer Stadt Seltenheitswert bekommen haben.<\/p>\n\n\n\n<p>Wir erleben gemeinsam die st\u00e4dtebaulichen Qualit\u00e4ten dieses gut erhaltenen Quartiers aus der Zeit um 1900, sehen uns besonders reizvolle Einzelbeispiele genauer an und lernen einige ihrer Urheber, namhafte Architekten dieser Auf- und Umbruchzeit, kennen wie Curjel und Moser, Romang &amp; Bernoulli, Gustav Doppler etc., deren Werke \u2013 uns oft nicht bewusst \u2013 bis heute unser Bild von Basel pr\u00e4gen.<\/p>\n\n\n\n<p>Treffpunkt: Pauluskirche<br>Ende: Pilgerstrasse<\/p>\n\n\n\n<h4 class=\"wp-block-heading\">Kleiner historischer Abriss<\/h4>\n\n\n\n<h5 class=\"wp-block-heading\">Situation<\/h5>\n\n\n\n<p>Das Paulusquartier in Basel liegt in dem Areal zwischen Zoo und Sch\u00fctzenmatte. Heute bildet das Areal um die Pauluskirche einen Teil des Bachlettenquartiers. Die Bezeichnung Paulusquartier mag nicht ganz Korrekt sein, aber da f\u00fcr die Architektur um die Pauluskirche herum seitens des Stadtplaners 1896 bestimmte Bauvorschriften erlassen wurden, die das Gebiet st\u00e4dtebaulich entscheidend pr\u00e4gten, soll der Name Paulusquartier verwendet werden, zumal er sich bereits eingeb\u00fcrgert hat. Seinen besonderen Charakter erh\u00e4lt das Paulusquartier heute dadurch, dass die originale Bebauung noch weitgehend erhalten und trotz Aufzonung (Basler Zonenplan 1939) nur wenige Neubaubl\u00f6cke die einheitlichen Strassenz\u00fcge durchsetzen.<\/p>\n\n\n\n<h5 class=\"wp-block-heading\">Baustil<\/h5>\n\n\n\n<p>Stilistisch wird die Architektur des Paulusquartiers gepr\u00e4gt von grossz\u00fcgigem Historismus, durchmischt mit Jugendstilelementen. Mit seinem Namen \u201eHistorismus\u201c wird die Stilvielfalt der europ\u00e4ischen Baukultur zwischen 1850 \u2013 1914 umschrieben. Es geh\u00f6rt zu den Besonderheiten dieses Quartiers, dass bei aller Stilvielfalt eine vornehme Zur\u00fcckhaltung, fast ein gewisses Understatement, vorherrschend bleiben. Die Bauten sind grossz\u00fcgig konzipiert, haben oft einen herrschaftlichen Charakter, ohne je protzig zu wirken.<\/p>\n\n\n\n<h5 class=\"wp-block-heading\">Geschichte<\/h5>\n\n\n\n<p>Die Entstehung des Paulusquartiers wird einerseits durch die Geschichte der Els\u00e4sserbahn(zweite Verlegung im Jahre 1897), andererseits durch den Kirchenbau (Bauzeit 1898 bis 1901) bestimmt. Die ersten H\u00e4user im Quartier, an der Therwilerstrasse und an der Bundesstrasse, entstanden in den Jahren 1899 bis 1900. Zwischen 1902 \u2013 1906 entstanden die Reihenh\u00e4user am Steinenring, kurz darauf die Bauten an der Paulusgasse, vorderen Oberwilerstrasse, Therwiler- und Arnold B\u00f6cklin-Strasse, aber auch bereits an der Marschalkenstrasse. Bis zum ersten Weltkrieg war das Quartier bis zur Benkenstrasse weitgehend bebaut.<br><small>Quelle: Das Paulusquartier in Basel: eine st\u00e4dtebauliche Leistung des Historismus und Jugendstils.<\/small><br><em><small>freiwillige Basler Denkmalpflege 1974 &#8211; 1977<\/small><\/em><\/p>\n\n\n\n<h4 class=\"wp-block-heading\">Auf dem Rundgang<\/h4>\n\n\n\n<p><code><div class=\"rl-gallery-container rl-loading\" id=\"rl-gallery-container-1\" data-gallery_id=\"468\"> <div class=\"rl-gallery rl-basicmasonry-gallery \" id=\"rl-gallery-1\" data-gallery_no=\"1\"> <div class=\"rl-gutter-sizer\"><\/div><div class=\"rl-grid-sizer\"><\/div> <div class=\"rl-gallery-item rl-gallery-item-width-4\" > <div class=\"rl-gallery-item-content\"> <a href=\"https:\/\/franz.kilchherrbubna.ch\/wp-content\/uploads\/2021\/11\/01asteinenring44.jpg\" title=\"Steinenring 44\" data-rl_title=\"Steinenring 44\" class=\"rl-gallery-link\" data-rl_caption=\"\" data-rel=\"lightbox-gallery-1\"><img loading=\"lazy\" decoding=\"async\" src=\"https:\/\/franz.kilchherrbubna.ch\/wp-content\/uploads\/2021\/11\/01asteinenring44-300x193.jpg\" width=\"300\" height=\"193\" alt=\"\" \/><\/a> <\/div> <\/div> <div class=\"rl-gallery-item\" > <div class=\"rl-gallery-item-content\"> <a href=\"https:\/\/franz.kilchherrbubna.ch\/wp-content\/uploads\/2021\/11\/01bsteinenring44tor.jpg\" title=\"\" data-rl_title=\"\" class=\"rl-gallery-link\" data-rl_caption=\"\" data-rel=\"lightbox-gallery-1\"><img loading=\"lazy\" decoding=\"async\" src=\"https:\/\/franz.kilchherrbubna.ch\/wp-content\/uploads\/2021\/11\/01bsteinenring44tor-225x300.jpg\" width=\"225\" height=\"300\" alt=\"\" \/><\/a> <\/div> <\/div> <div class=\"rl-gallery-item\" > <div class=\"rl-gallery-item-content\"> <a href=\"https:\/\/franz.kilchherrbubna.ch\/wp-content\/uploads\/2021\/11\/01csteinenring44kopf.jpg\" title=\"\" data-rl_title=\"\" class=\"rl-gallery-link\" data-rl_caption=\"\" data-rel=\"lightbox-gallery-1\"><img loading=\"lazy\" decoding=\"async\" src=\"https:\/\/franz.kilchherrbubna.ch\/wp-content\/uploads\/2021\/11\/01csteinenring44kopf-224x300.jpg\" width=\"224\" height=\"300\" alt=\"\" \/><\/a> <\/div> <\/div> <div class=\"rl-gallery-item\" > <div class=\"rl-gallery-item-content\"> <a href=\"https:\/\/franz.kilchherrbubna.ch\/wp-content\/uploads\/2021\/11\/02Aboecklinl1.jpg\" title=\"\" data-rl_title=\"\" class=\"rl-gallery-link\" data-rl_caption=\"\" data-rel=\"lightbox-gallery-1\"><img loading=\"lazy\" decoding=\"async\" src=\"https:\/\/franz.kilchherrbubna.ch\/wp-content\/uploads\/2021\/11\/02Aboecklinl1-240x300.jpg\" width=\"240\" height=\"300\" alt=\"\" \/><\/a> <\/div> <\/div> <div class=\"rl-gallery-item\" > <div class=\"rl-gallery-item-content\"> <a href=\"https:\/\/franz.kilchherrbubna.ch\/wp-content\/uploads\/2021\/11\/02baboecklinl2.jpg\" title=\"\" data-rl_title=\"\" class=\"rl-gallery-link\" data-rl_caption=\"\" data-rel=\"lightbox-gallery-1\"><img loading=\"lazy\" decoding=\"async\" src=\"https:\/\/franz.kilchherrbubna.ch\/wp-content\/uploads\/2021\/11\/02baboecklinl2-225x300.jpg\" width=\"225\" height=\"300\" alt=\"\" \/><\/a> <\/div> <\/div> <div class=\"rl-gallery-item\" > <div class=\"rl-gallery-item-content\"> <a href=\"https:\/\/franz.kilchherrbubna.ch\/wp-content\/uploads\/2021\/11\/31pilger13.jpg\" title=\"\" data-rl_title=\"\" class=\"rl-gallery-link\" data-rl_caption=\"\" data-rel=\"lightbox-gallery-1\"><img loading=\"lazy\" decoding=\"async\" src=\"https:\/\/franz.kilchherrbubna.ch\/wp-content\/uploads\/2021\/11\/31pilger13-246x300.jpg\" width=\"246\" height=\"300\" alt=\"\" \/><\/a> <\/div> <\/div> <div class=\"rl-gallery-item\" > <div class=\"rl-gallery-item-content\"> <a href=\"https:\/\/franz.kilchherrbubna.ch\/wp-content\/uploads\/2021\/11\/03kirche.jpg\" title=\"\" data-rl_title=\"\" class=\"rl-gallery-link\" data-rl_caption=\"\" data-rel=\"lightbox-gallery-1\"><img loading=\"lazy\" decoding=\"async\" src=\"https:\/\/franz.kilchherrbubna.ch\/wp-content\/uploads\/2021\/11\/03kirche-200x300.jpg\" width=\"200\" height=\"300\" alt=\"\" \/><\/a> <\/div> <\/div> <div class=\"rl-gallery-item\" > <div class=\"rl-gallery-item-content\"> <a href=\"https:\/\/franz.kilchherrbubna.ch\/wp-content\/uploads\/2021\/11\/04paulusgasse.jpg\" title=\"\" data-rl_title=\"\" class=\"rl-gallery-link\" data-rl_caption=\"\" data-rel=\"lightbox-gallery-1\"><img loading=\"lazy\" decoding=\"async\" src=\"https:\/\/franz.kilchherrbubna.ch\/wp-content\/uploads\/2021\/11\/04paulusgasse-300x225.jpg\" width=\"300\" height=\"225\" alt=\"\" \/><\/a> <\/div> <\/div> <div class=\"rl-gallery-item\" > <div class=\"rl-gallery-item-content\"> <a href=\"https:\/\/franz.kilchherrbubna.ch\/wp-content\/uploads\/2021\/11\/05paulusgasse16.jpg\" title=\"\" data-rl_title=\"\" class=\"rl-gallery-link\" data-rl_caption=\"\" data-rel=\"lightbox-gallery-1\"><img loading=\"lazy\" decoding=\"async\" src=\"https:\/\/franz.kilchherrbubna.ch\/wp-content\/uploads\/2021\/11\/05paulusgasse16-225x300.jpg\" width=\"225\" height=\"300\" alt=\"\" \/><\/a> <\/div> <\/div> <div class=\"rl-gallery-item\" > <div class=\"rl-gallery-item-content\"> <a href=\"https:\/\/franz.kilchherrbubna.ch\/wp-content\/uploads\/2021\/11\/06paulusgasse16_tuere.jpg\" title=\"\" data-rl_title=\"\" class=\"rl-gallery-link\" data-rl_caption=\"\" data-rel=\"lightbox-gallery-1\"><img loading=\"lazy\" decoding=\"async\" src=\"https:\/\/franz.kilchherrbubna.ch\/wp-content\/uploads\/2021\/11\/06paulusgasse16_tuere-193x300.jpg\" width=\"193\" height=\"300\" alt=\"\" \/><\/a> <\/div> <\/div> <div class=\"rl-gallery-item\" > <div class=\"rl-gallery-item-content\"> <a href=\"https:\/\/franz.kilchherrbubna.ch\/wp-content\/uploads\/2021\/11\/07aboecklin_Paulusgasse.jpg\" title=\"\" data-rl_title=\"\" class=\"rl-gallery-link\" data-rl_caption=\"\" data-rel=\"lightbox-gallery-1\"><img loading=\"lazy\" decoding=\"async\" src=\"https:\/\/franz.kilchherrbubna.ch\/wp-content\/uploads\/2021\/11\/07aboecklin_Paulusgasse-300x222.jpg\" width=\"300\" height=\"222\" alt=\"\" \/><\/a> <\/div> <\/div> <div class=\"rl-gallery-item\" > <div class=\"rl-gallery-item-content\"> <a href=\"https:\/\/franz.kilchherrbubna.ch\/wp-content\/uploads\/2021\/11\/08aboecklin_paulusgasse_erker.jpg\" title=\"\" data-rl_title=\"\" class=\"rl-gallery-link\" data-rl_caption=\"\" data-rel=\"lightbox-gallery-1\"><img loading=\"lazy\" decoding=\"async\" src=\"https:\/\/franz.kilchherrbubna.ch\/wp-content\/uploads\/2021\/11\/08aboecklin_paulusgasse_erker-270x300.jpg\" width=\"270\" height=\"300\" alt=\"\" \/><\/a> <\/div> <\/div> <div class=\"rl-gallery-item\" > <div class=\"rl-gallery-item-content\"> <a href=\"https:\/\/franz.kilchherrbubna.ch\/wp-content\/uploads\/2021\/11\/09aboecklin38.jpg\" title=\"\" data-rl_title=\"\" class=\"rl-gallery-link\" data-rl_caption=\"\" data-rel=\"lightbox-gallery-1\"><img loading=\"lazy\" decoding=\"async\" src=\"https:\/\/franz.kilchherrbubna.ch\/wp-content\/uploads\/2021\/11\/09aboecklin38-300x225.jpg\" width=\"300\" height=\"225\" alt=\"\" \/><\/a> <\/div> <\/div> <div class=\"rl-gallery-item\" > <div class=\"rl-gallery-item-content\"> <a href=\"https:\/\/franz.kilchherrbubna.ch\/wp-content\/uploads\/2021\/11\/10Image2.gif\" title=\"\" data-rl_title=\"\" class=\"rl-gallery-link\" data-rl_caption=\"\" data-rel=\"lightbox-gallery-1\"><img loading=\"lazy\" decoding=\"async\" src=\"https:\/\/franz.kilchherrbubna.ch\/wp-content\/uploads\/2021\/11\/10Image2-300x98.gif\" width=\"300\" height=\"98\" alt=\"\" \/><\/a> <\/div> <\/div> <div class=\"rl-gallery-item\" > <div class=\"rl-gallery-item-content\"> <a href=\"https:\/\/franz.kilchherrbubna.ch\/wp-content\/uploads\/2021\/11\/12atherwilerstrschweizergasse3.jpg\" title=\"\" data-rl_title=\"\" class=\"rl-gallery-link\" data-rl_caption=\"\" data-rel=\"lightbox-gallery-1\"><img loading=\"lazy\" decoding=\"async\" src=\"https:\/\/franz.kilchherrbubna.ch\/wp-content\/uploads\/2021\/11\/12atherwilerstrschweizergasse3-225x300.jpg\" width=\"225\" height=\"300\" alt=\"\" \/><\/a> <\/div> <\/div> <div class=\"rl-gallery-item\" > <div class=\"rl-gallery-item-content\"> <a href=\"https:\/\/franz.kilchherrbubna.ch\/wp-content\/uploads\/2021\/11\/11aboecklinl_Therwilerstrasse.jpg\" title=\"\" data-rl_title=\"\" class=\"rl-gallery-link\" data-rl_caption=\"\" data-rel=\"lightbox-gallery-1\"><img loading=\"lazy\" decoding=\"async\" src=\"https:\/\/franz.kilchherrbubna.ch\/wp-content\/uploads\/2021\/11\/11aboecklinl_Therwilerstrasse-225x300.jpg\" width=\"225\" height=\"300\" alt=\"\" \/><\/a> <\/div> <\/div> <div class=\"rl-gallery-item\" > <div class=\"rl-gallery-item-content\"> <a href=\"https:\/\/franz.kilchherrbubna.ch\/wp-content\/uploads\/2021\/11\/12therwilerstrschweizergasse2.jpg\" title=\"\" data-rl_title=\"\" class=\"rl-gallery-link\" data-rl_caption=\"\" data-rel=\"lightbox-gallery-1\"><img loading=\"lazy\" decoding=\"async\" src=\"https:\/\/franz.kilchherrbubna.ch\/wp-content\/uploads\/2021\/11\/12therwilerstrschweizergasse2-268x300.jpg\" width=\"268\" height=\"300\" alt=\"\" \/><\/a> <\/div> <\/div> <div class=\"rl-gallery-item\" > <div class=\"rl-gallery-item-content\"> <a href=\"https:\/\/franz.kilchherrbubna.ch\/wp-content\/uploads\/2021\/11\/13therwilerstrschweizergasse1.jpg\" title=\"\" data-rl_title=\"\" class=\"rl-gallery-link\" data-rl_caption=\"\" data-rel=\"lightbox-gallery-1\"><img loading=\"lazy\" decoding=\"async\" src=\"https:\/\/franz.kilchherrbubna.ch\/wp-content\/uploads\/2021\/11\/13therwilerstrschweizergasse1-225x300.jpg\" width=\"225\" height=\"300\" alt=\"\" \/><\/a> <\/div> <\/div> <div class=\"rl-gallery-item\" > <div class=\"rl-gallery-item-content\"> <a href=\"https:\/\/franz.kilchherrbubna.ch\/wp-content\/uploads\/2021\/11\/14therwilerstrr1.jpg\" title=\"\" data-rl_title=\"\" class=\"rl-gallery-link\" data-rl_caption=\"\" data-rel=\"lightbox-gallery-1\"><img loading=\"lazy\" decoding=\"async\" src=\"https:\/\/franz.kilchherrbubna.ch\/wp-content\/uploads\/2021\/11\/14therwilerstrr1-225x300.jpg\" width=\"225\" height=\"300\" alt=\"\" \/><\/a> <\/div> <\/div> <div class=\"rl-gallery-item\" > <div class=\"rl-gallery-item-content\"> <a href=\"https:\/\/franz.kilchherrbubna.ch\/wp-content\/uploads\/2021\/11\/15ruettimeyerstr20.jpg\" title=\"\" data-rl_title=\"\" class=\"rl-gallery-link\" data-rl_caption=\"\" data-rel=\"lightbox-gallery-1\"><img loading=\"lazy\" decoding=\"async\" src=\"https:\/\/franz.kilchherrbubna.ch\/wp-content\/uploads\/2021\/11\/15ruettimeyerstr20-300x216.jpg\" width=\"300\" height=\"216\" alt=\"\" \/><\/a> <\/div> <\/div> <div class=\"rl-gallery-item\" > <div class=\"rl-gallery-item-content\"> <a href=\"https:\/\/franz.kilchherrbubna.ch\/wp-content\/uploads\/2021\/11\/17marschalkenstrl.jpg\" title=\"\" data-rl_title=\"\" class=\"rl-gallery-link\" data-rl_caption=\"\" data-rel=\"lightbox-gallery-1\"><img loading=\"lazy\" decoding=\"async\" src=\"https:\/\/franz.kilchherrbubna.ch\/wp-content\/uploads\/2021\/11\/17marschalkenstrl-225x300.jpg\" width=\"225\" height=\"300\" alt=\"\" \/><\/a> <\/div> <\/div> <div class=\"rl-gallery-item\" > <div class=\"rl-gallery-item-content\"> <a href=\"https:\/\/franz.kilchherrbubna.ch\/wp-content\/uploads\/2021\/11\/16marschalkenstr11_15.jpg\" title=\"\" data-rl_title=\"\" class=\"rl-gallery-link\" data-rl_caption=\"\" data-rel=\"lightbox-gallery-1\"><img loading=\"lazy\" decoding=\"async\" src=\"https:\/\/franz.kilchherrbubna.ch\/wp-content\/uploads\/2021\/11\/16marschalkenstr11_15-300x224.jpg\" width=\"300\" height=\"224\" alt=\"\" \/><\/a> <\/div> <\/div> <div class=\"rl-gallery-item\" > <div class=\"rl-gallery-item-content\"> <a href=\"https:\/\/franz.kilchherrbubna.ch\/wp-content\/uploads\/2021\/11\/18marschalkenstrasse.jpg\" title=\"\" data-rl_title=\"\" class=\"rl-gallery-link\" data-rl_caption=\"\" data-rel=\"lightbox-gallery-1\"><img loading=\"lazy\" decoding=\"async\" src=\"https:\/\/franz.kilchherrbubna.ch\/wp-content\/uploads\/2021\/11\/18marschalkenstrasse-225x300.jpg\" width=\"225\" height=\"300\" alt=\"\" \/><\/a> <\/div> <\/div> <div class=\"rl-gallery-item\" > <div class=\"rl-gallery-item-content\"> <a href=\"https:\/\/franz.kilchherrbubna.ch\/wp-content\/uploads\/2021\/11\/19neubadstr23total.jpg\" title=\"\" data-rl_title=\"\" class=\"rl-gallery-link\" data-rl_caption=\"\" data-rel=\"lightbox-gallery-1\"><img loading=\"lazy\" decoding=\"async\" src=\"https:\/\/franz.kilchherrbubna.ch\/wp-content\/uploads\/2021\/11\/19neubadstr23total-208x300.jpg\" width=\"208\" height=\"300\" alt=\"\" \/><\/a> <\/div> <\/div> <div class=\"rl-gallery-item\" > <div class=\"rl-gallery-item-content\"> <a href=\"https:\/\/franz.kilchherrbubna.ch\/wp-content\/uploads\/2021\/11\/20neubadstr23.jpg\" title=\"\" data-rl_title=\"\" class=\"rl-gallery-link\" data-rl_caption=\"\" data-rel=\"lightbox-gallery-1\"><img loading=\"lazy\" decoding=\"async\" src=\"https:\/\/franz.kilchherrbubna.ch\/wp-content\/uploads\/2021\/11\/20neubadstr23-176x300.jpg\" width=\"176\" height=\"300\" alt=\"\" \/><\/a> <\/div> <\/div> <div class=\"rl-gallery-item\" > <div class=\"rl-gallery-item-content\"> <a href=\"https:\/\/franz.kilchherrbubna.ch\/wp-content\/uploads\/2021\/11\/21gguisan.jpg\" title=\"\" data-rl_title=\"\" class=\"rl-gallery-link\" data-rl_caption=\"\" data-rel=\"lightbox-gallery-1\"><img loading=\"lazy\" decoding=\"async\" src=\"https:\/\/franz.kilchherrbubna.ch\/wp-content\/uploads\/2021\/11\/21gguisan-225x300.jpg\" width=\"225\" height=\"300\" alt=\"\" \/><\/a> <\/div> <\/div> <div class=\"rl-gallery-item\" > <div class=\"rl-gallery-item-content\"> <a href=\"https:\/\/franz.kilchherrbubna.ch\/wp-content\/uploads\/2021\/11\/22gguisan_innen.jpg\" title=\"\" data-rl_title=\"\" class=\"rl-gallery-link\" data-rl_caption=\"\" data-rel=\"lightbox-gallery-1\"><img loading=\"lazy\" decoding=\"async\" src=\"https:\/\/franz.kilchherrbubna.ch\/wp-content\/uploads\/2021\/11\/22gguisan_innen-300x188.jpg\" width=\"300\" height=\"188\" alt=\"\" \/><\/a> <\/div> <\/div> <div class=\"rl-gallery-item\" > <div class=\"rl-gallery-item-content\"> <a href=\"https:\/\/franz.kilchherrbubna.ch\/wp-content\/uploads\/2021\/11\/23palmenstr_r1.jpg\" title=\"\" data-rl_title=\"\" class=\"rl-gallery-link\" data-rl_caption=\"\" data-rel=\"lightbox-gallery-1\"><img loading=\"lazy\" decoding=\"async\" src=\"https:\/\/franz.kilchherrbubna.ch\/wp-content\/uploads\/2021\/11\/23palmenstr_r1-300x225.jpg\" width=\"300\" height=\"225\" alt=\"\" \/><\/a> <\/div> <\/div> <div class=\"rl-gallery-item\" > <div class=\"rl-gallery-item-content\"> <a href=\"https:\/\/franz.kilchherrbubna.ch\/wp-content\/uploads\/2021\/11\/29pilgerstr_Nonnenweg.jpg\" title=\"\" data-rl_title=\"\" class=\"rl-gallery-link\" data-rl_caption=\"\" data-rel=\"lightbox-gallery-1\"><img loading=\"lazy\" decoding=\"async\" src=\"https:\/\/franz.kilchherrbubna.ch\/wp-content\/uploads\/2021\/11\/29pilgerstr_Nonnenweg-216x300.jpg\" width=\"216\" height=\"300\" alt=\"\" \/><\/a> <\/div> <\/div> <div class=\"rl-gallery-item\" > <div class=\"rl-gallery-item-content\"> <a href=\"https:\/\/franz.kilchherrbubna.ch\/wp-content\/uploads\/2021\/11\/25palmenstr3ren.jpg\" title=\"\" data-rl_title=\"\" class=\"rl-gallery-link\" data-rl_caption=\"\" data-rel=\"lightbox-gallery-1\"><img loading=\"lazy\" decoding=\"async\" src=\"https:\/\/franz.kilchherrbubna.ch\/wp-content\/uploads\/2021\/11\/25palmenstr3ren-225x300.jpg\" width=\"225\" height=\"300\" alt=\"\" \/><\/a> <\/div> <\/div> <div class=\"rl-gallery-item\" > <div class=\"rl-gallery-item-content\"> <a href=\"https:\/\/franz.kilchherrbubna.ch\/wp-content\/uploads\/2021\/11\/26palmenstr3tuer.jpg\" title=\"\" data-rl_title=\"\" class=\"rl-gallery-link\" data-rl_caption=\"\" data-rel=\"lightbox-gallery-1\"><img loading=\"lazy\" decoding=\"async\" src=\"https:\/\/franz.kilchherrbubna.ch\/wp-content\/uploads\/2021\/11\/26palmenstr3tuer-220x300.jpg\" width=\"220\" height=\"300\" alt=\"\" \/><\/a> <\/div> <\/div> <div class=\"rl-gallery-item\" > <div class=\"rl-gallery-item-content\"> <a href=\"https:\/\/franz.kilchherrbubna.ch\/wp-content\/uploads\/2021\/11\/24palmenstr_l1.jpg\" title=\"\" data-rl_title=\"\" class=\"rl-gallery-link\" data-rl_caption=\"\" data-rel=\"lightbox-gallery-1\"><img loading=\"lazy\" decoding=\"async\" src=\"https:\/\/franz.kilchherrbubna.ch\/wp-content\/uploads\/2021\/11\/24palmenstr_l1-208x300.jpg\" width=\"208\" height=\"300\" alt=\"\" \/><\/a> <\/div> <\/div> <div class=\"rl-gallery-item\" > <div class=\"rl-gallery-item-content\"> <a href=\"https:\/\/franz.kilchherrbubna.ch\/wp-content\/uploads\/2021\/11\/27palmenstr_l2.jpg\" title=\"\" data-rl_title=\"\" class=\"rl-gallery-link\" data-rl_caption=\"\" data-rel=\"lightbox-gallery-1\"><img loading=\"lazy\" decoding=\"async\" src=\"https:\/\/franz.kilchherrbubna.ch\/wp-content\/uploads\/2021\/11\/27palmenstr_l2-300x225.jpg\" width=\"300\" height=\"225\" alt=\"\" \/><\/a> <\/div> <\/div> <div class=\"rl-gallery-item\" > <div class=\"rl-gallery-item-content\"> <a href=\"https:\/\/franz.kilchherrbubna.ch\/wp-content\/uploads\/2021\/11\/30pilger19.jpg\" title=\"\" data-rl_title=\"\" class=\"rl-gallery-link\" data-rl_caption=\"\" data-rel=\"lightbox-gallery-1\"><img loading=\"lazy\" decoding=\"async\" src=\"https:\/\/franz.kilchherrbubna.ch\/wp-content\/uploads\/2021\/11\/30pilger19-194x300.jpg\" width=\"194\" height=\"300\" alt=\"\" \/><\/a> <\/div> <\/div> <div class=\"rl-gallery-item\" > <div class=\"rl-gallery-item-content\"> <a href=\"https:\/\/franz.kilchherrbubna.ch\/wp-content\/uploads\/2021\/11\/28palmen_Ahornstr.jpg\" title=\"Palmenstrasse 28\/Ahornstrasse\" data-rl_title=\"Palmenstrasse 28\/Ahornstrasse\" class=\"rl-gallery-link\" data-rl_caption=\"\" data-rel=\"lightbox-gallery-1\"><img loading=\"lazy\" decoding=\"async\" src=\"https:\/\/franz.kilchherrbubna.ch\/wp-content\/uploads\/2021\/11\/28palmen_Ahornstr-225x300.jpg\" width=\"225\" height=\"300\" alt=\"\" \/><\/a> <\/div> <\/div> <\/div> <\/div><\/code><\/p>\n","protected":false},"excerpt":{"rendered":"<p>s Paulus-Quartier Erkundung des Paulsquartiers Im Fr\u00fchjahr 2005 ludRose Schulz-Rehberg, Kunsthistorikerin,zu einer Erkundung des Paulus-Quartiers ein. Erkundung des Paulus-Quartiers Heute lade ich alle Architekturbegeisterten und Freunde des sch\u00f6nen alten Basel zu einem Fr\u00fchlingsspaziergang im Paulusviertel \u2013 auch &#171;Bl\u00e4chdalbe&#187; genannt &#8211; ein.Dieser relativ junge Stadtteil zeichnet sich durch seine grossz\u00fcgige Planung &hellip;<\/p>\n","protected":false},"author":1,"featured_media":0,"parent":99,"menu_order":3,"comment_status":"closed","ping_status":"closed","template":"","meta":{"footnotes":""},"class_list":["post-271","page","type-page","status-publish","hentry"],"_links":{"self":[{"href":"https:\/\/franz.kilchherrbubna.ch\/index.php?rest_route=\/wp\/v2\/pages\/271","targetHints":{"allow":["GET"]}}],"collection":[{"href":"https:\/\/franz.kilchherrbubna.ch\/index.php?rest_route=\/wp\/v2\/pages"}],"about":[{"href":"https:\/\/franz.kilchherrbubna.ch\/index.php?rest_route=\/wp\/v2\/types\/page"}],"author":[{"embeddable":true,"href":"https:\/\/franz.kilchherrbubna.ch\/index.php?rest_route=\/wp\/v2\/users\/1"}],"replies":[{"embeddable":true,"href":"https:\/\/franz.kilchherrbubna.ch\/index.php?rest_route=%2Fwp%2Fv2%2Fcomments&post=271"}],"version-history":[{"count":6,"href":"https:\/\/franz.kilchherrbubna.ch\/index.php?rest_route=\/wp\/v2\/pages\/271\/revisions"}],"predecessor-version":[{"id":859,"href":"https:\/\/franz.kilchherrbubna.ch\/index.php?rest_route=\/wp\/v2\/pages\/271\/revisions\/859"}],"up":[{"embeddable":true,"href":"https:\/\/franz.kilchherrbubna.ch\/index.php?rest_route=\/wp\/v2\/pages\/99"}],"wp:attachment":[{"href":"https:\/\/franz.kilchherrbubna.ch\/index.php?rest_route=%2Fwp%2Fv2%2Fmedia&parent=271"}],"curies":[{"name":"wp","href":"https:\/\/api.w.org\/{rel}","templated":true}]}}