{"id":6,"date":"2021-11-02T10:51:58","date_gmt":"2021-11-02T09:51:58","guid":{"rendered":"https:\/\/www.kilchherrbubna.ch\/franz\/?page_id=6"},"modified":"2025-08-26T14:24:42","modified_gmt":"2025-08-26T12:24:42","slug":"home","status":"publish","type":"page","link":"https:\/\/franz.kilchherrbubna.ch\/","title":{"rendered":"Home"},"content":{"rendered":"\n<h2 class=\"wp-block-heading\">Sali<\/h2>\n\n\n\n<div class=\"wp-block-columns is-layout-flex wp-container-core-columns-is-layout-9d6595d7 wp-block-columns-is-layout-flex\">\n<div class=\"wp-block-column is-layout-flow wp-block-column-is-layout-flow\" style=\"flex-basis:45%\">\n<p>Uff d\u00e4re Hompage ha n ich e baar vo mine Websites verlinggt. De kasch do au s\u00e4lber entworfeni Fraktal und usgw\u00e4\u00e4lti Helge aaluege. Syt 1977 &#8211; also jetz syt \u00fcber vierzg Joor &#8211; setz ich mi mit em PC und em Internet usenander und ha jetz &#8211; als Pensionierte &#8211; Zyt, alles z sammle, z bew\u00e4rte und z ordne.<\/p>\n<\/div>\n\n\n\n<div class=\"wp-block-column is-layout-flow wp-block-column-is-layout-flow\">\n<p class=\"has-text-align-center\"><strong>oder<\/strong><\/p>\n<\/div>\n\n\n\n<div class=\"wp-block-column is-layout-flow wp-block-column-is-layout-flow\" style=\"flex-basis:45%\">\n<p>Hier sammle ich einen Teil meiner Websites, eine Anzahl selbst hergestellter Fraktale sowie ausgew\u00e4hlte Fotos, Videos und Artikel. Seit 1977 &#8211; also jetzt seit \u00fcber 40 Jahren &#8211; setze ich mich mit dem PC und dem Internet auseinander. Nun habe ich als Pensionierter Zeit, zu sammeln und zu ordnen.<\/p>\n<\/div>\n<\/div>\n\n\n\n<p class=\"has-text-align-center has-large-font-size\"><strong>Vyyl Vergniege<br>Franz Kilchherr-Bubna<\/strong><\/p>\n\n\n\n<div style=\"height:50px\" aria-hidden=\"true\" class=\"wp-block-spacer\"><\/div>\n\n\n\n<div class=\"wp-block-columns has-background is-layout-flex wp-container-core-columns-is-layout-9d6595d7 wp-block-columns-is-layout-flex\" style=\"background-color:#e5e7ea\">\n<div class=\"wp-block-column is-vertically-aligned-center has-white-background-color has-background is-layout-flow wp-block-column-is-layout-flow\">\n<figure class=\"wp-block-gallery aligncenter has-nested-images columns-default is-cropped wp-block-gallery-1 is-layout-flex wp-block-gallery-is-layout-flex\">\n<figure class=\"wp-block-image size-large\"><a href=\"?page_id=92\"><img loading=\"lazy\" decoding=\"async\" width=\"1024\" height=\"768\" data-id=\"445\" src=\"https:\/\/franz.kilchherrbubna.ch\/wp-content\/uploads\/2021\/11\/DSCF2689-1-1024x768.jpg\" alt=\"\" class=\"wp-image-445\" srcset=\"https:\/\/franz.kilchherrbubna.ch\/wp-content\/uploads\/2021\/11\/DSCF2689-1-1024x768.jpg 1024w, https:\/\/franz.kilchherrbubna.ch\/wp-content\/uploads\/2021\/11\/DSCF2689-1-300x225.jpg 300w, https:\/\/franz.kilchherrbubna.ch\/wp-content\/uploads\/2021\/11\/DSCF2689-1-768x576.jpg 768w, https:\/\/franz.kilchherrbubna.ch\/wp-content\/uploads\/2021\/11\/DSCF2689-1-1536x1152.jpg 1536w, https:\/\/franz.kilchherrbubna.ch\/wp-content\/uploads\/2021\/11\/DSCF2689-1-1568x1176.jpg 1568w, https:\/\/franz.kilchherrbubna.ch\/wp-content\/uploads\/2021\/11\/DSCF2689-1.jpg 2000w\" sizes=\"auto, (max-width: 1024px) 100vw, 1024px\" \/><\/a><figcaption class=\"wp-element-caption\"><strong>Fotos<\/strong><\/figcaption><\/figure>\n<\/figure>\n<\/div>\n\n\n\n<div class=\"wp-block-column is-vertically-aligned-center has-white-background-color has-background is-layout-flow wp-block-column-is-layout-flow\">\n<figure class=\"wp-block-gallery aligncenter has-nested-images columns-default is-cropped wp-block-gallery-2 is-layout-flex wp-block-gallery-is-layout-flex\">\n<figure class=\"wp-block-image size-large\"><a href=\"?page_id=99\"><img loading=\"lazy\" decoding=\"async\" width=\"1024\" height=\"768\" data-id=\"439\" src=\"https:\/\/franz.kilchherrbubna.ch\/wp-content\/uploads\/2021\/11\/DSCF2612-1-1024x768.jpg\" alt=\"\" class=\"wp-image-439\" srcset=\"https:\/\/franz.kilchherrbubna.ch\/wp-content\/uploads\/2021\/11\/DSCF2612-1-1024x768.jpg 1024w, https:\/\/franz.kilchherrbubna.ch\/wp-content\/uploads\/2021\/11\/DSCF2612-1-300x225.jpg 300w, https:\/\/franz.kilchherrbubna.ch\/wp-content\/uploads\/2021\/11\/DSCF2612-1-768x576.jpg 768w, https:\/\/franz.kilchherrbubna.ch\/wp-content\/uploads\/2021\/11\/DSCF2612-1-1536x1152.jpg 1536w, https:\/\/franz.kilchherrbubna.ch\/wp-content\/uploads\/2021\/11\/DSCF2612-1-1568x1176.jpg 1568w, https:\/\/franz.kilchherrbubna.ch\/wp-content\/uploads\/2021\/11\/DSCF2612-1.jpg 2000w\" sizes=\"auto, (max-width: 1024px) 100vw, 1024px\" \/><\/a><figcaption class=\"wp-element-caption\"><strong>Basel<\/strong><\/figcaption><\/figure>\n<\/figure>\n<\/div>\n\n\n\n<div class=\"wp-block-column is-vertically-aligned-center has-white-background-color has-background is-layout-flow wp-block-column-is-layout-flow\">\n<figure class=\"wp-block-gallery aligncenter has-nested-images columns-default is-cropped wp-block-gallery-3 is-layout-flex wp-block-gallery-is-layout-flex\">\n<figure class=\"wp-block-image size-full\"><a href=\"?page_id=590\"><img loading=\"lazy\" decoding=\"async\" width=\"900\" height=\"640\" data-id=\"619\" src=\"https:\/\/franz.kilchherrbubna.ch\/wp-content\/uploads\/2021\/11\/01.jpg\" alt=\"\" class=\"wp-image-619\" srcset=\"https:\/\/franz.kilchherrbubna.ch\/wp-content\/uploads\/2021\/11\/01.jpg 900w, https:\/\/franz.kilchherrbubna.ch\/wp-content\/uploads\/2021\/11\/01-300x213.jpg 300w, https:\/\/franz.kilchherrbubna.ch\/wp-content\/uploads\/2021\/11\/01-768x546.jpg 768w\" sizes=\"auto, (max-width: 900px) 100vw, 900px\" \/><\/a><figcaption class=\"wp-element-caption\"><strong>Fraktale<\/strong><\/figcaption><\/figure>\n<\/figure>\n<\/div>\n\n\n\n<div class=\"wp-block-column is-vertically-aligned-center has-white-background-color has-background is-layout-flow wp-block-column-is-layout-flow\">\n<figure class=\"wp-block-gallery aligncenter has-nested-images columns-default is-cropped wp-block-gallery-4 is-layout-flex wp-block-gallery-is-layout-flex\">\n<figure class=\"wp-block-image size-full is-style-default\"><a href=\"?page_id=68\"><img loading=\"lazy\" decoding=\"async\" width=\"2104\" height=\"1615\" data-id=\"1122\" src=\"https:\/\/franz.kilchherrbubna.ch\/wp-content\/uploads\/2022\/11\/pfolio.jpg\" alt=\"\" class=\"wp-image-1122\" title=\"Portfilio\"\/><\/a><figcaption class=\"wp-element-caption\"><strong>Portfolio<\/strong><\/figcaption><\/figure>\n<\/figure>\n<\/div>\n\n\n\n<div class=\"wp-block-column has-sitebg-background-color has-background is-layout-flow wp-block-column-is-layout-flow\">\n<figure class=\"wp-block-gallery aligncenter has-nested-images columns-default is-cropped wp-block-gallery-6 is-layout-flex wp-block-gallery-is-layout-flex\">\n<figure class=\"wp-block-image size-full wp-duotone-unset-5\"><a href=\"?page_id=28\"><img loading=\"lazy\" decoding=\"async\" width=\"240\" height=\"160\" data-id=\"1157\" src=\"https:\/\/franz.kilchherrbubna.ch\/wp-content\/uploads\/2023\/01\/imageskil.jpg\" alt=\"\" class=\"wp-image-1157\"\/><\/a><figcaption class=\"wp-element-caption\"><strong>Kilchherr<\/strong><\/figcaption><\/figure>\n<\/figure>\n<\/div>\n<\/div>\n","protected":false},"excerpt":{"rendered":"<p>Sali Uff d\u00e4re Hompage ha n ich e baar vo mine Websites verlinggt. De kasch do au s\u00e4lber entworfeni Fraktal und usgw\u00e4\u00e4lti Helge aaluege. Syt 1977 &#8211; also jetz syt \u00fcber vierzg Joor &#8211; setz ich mi mit em PC und em Internet usenander und ha jetz &#8211; als Pensionierte &hellip;<\/p>\n","protected":false},"author":1,"featured_media":0,"parent":0,"menu_order":0,"comment_status":"closed","ping_status":"closed","template":"","meta":{"footnotes":""},"class_list":["post-6","page","type-page","status-publish","hentry"],"_links":{"self":[{"href":"https:\/\/franz.kilchherrbubna.ch\/index.php?rest_route=\/wp\/v2\/pages\/6","targetHints":{"allow":["GET"]}}],"collection":[{"href":"https:\/\/franz.kilchherrbubna.ch\/index.php?rest_route=\/wp\/v2\/pages"}],"about":[{"href":"https:\/\/franz.kilchherrbubna.ch\/index.php?rest_route=\/wp\/v2\/types\/page"}],"author":[{"embeddable":true,"href":"https:\/\/franz.kilchherrbubna.ch\/index.php?rest_route=\/wp\/v2\/users\/1"}],"replies":[{"embeddable":true,"href":"https:\/\/franz.kilchherrbubna.ch\/index.php?rest_route=%2Fwp%2Fv2%2Fcomments&post=6"}],"version-history":[{"count":35,"href":"https:\/\/franz.kilchherrbubna.ch\/index.php?rest_route=\/wp\/v2\/pages\/6\/revisions"}],"predecessor-version":[{"id":1243,"href":"https:\/\/franz.kilchherrbubna.ch\/index.php?rest_route=\/wp\/v2\/pages\/6\/revisions\/1243"}],"wp:attachment":[{"href":"https:\/\/franz.kilchherrbubna.ch\/index.php?rest_route=%2Fwp%2Fv2%2Fmedia&parent=6"}],"curies":[{"name":"wp","href":"https:\/\/api.w.org\/{rel}","templated":true}]}}